{"id":4977,"date":"2018-10-08T19:26:02","date_gmt":"2018-10-08T19:26:02","guid":{"rendered":"https:\/\/detektor-kovin.si\/izdelek\/crno-sito-za-pijesak-ada\/"},"modified":"2026-02-11T13:49:57","modified_gmt":"2026-02-11T12:49:57","slug":"crno-sito-za-pijesak-ada","status":"publish","type":"product","link":"https:\/\/detektor-kovin.si\/hr\/izdelek\/crno-sito-za-pijesak-ada\/","title":{"rendered":"Crno sito za pijesak Ada"},"content":{"rendered":"<p>Black Ada Sandscoop je alat za prosijavanje dizajniran za upotrebu na pje\u0161\u010danim pla\u017eama. Izra\u0111en od uglji\u010dnog \u010delika, konstrukcija je kompaktna i pouzdana. Sandscoop je vrlo lagan, \u0161to nam omogu\u0107uje kopanje bez puno napora. Proizvedeno u Velikoj Britaniji!   <\/p>\n<p>Zna\u010dajke:<\/p>\n<p>-gumena ru\u010dka<br \/>\n -uglji\u010dni \u010delik<br \/>\n -kvalitetno zavarivanje<br \/>\n -duljina 40 cm<br \/>\n -\u0161irina 13,5 cm<br \/>\n &#8211; \u0161irina sita 13,5 cm<br \/>\n &#8211; duljina sita 17,5 cm<br \/>\n -te\u017eina 620 g<\/p>\n","protected":false},"excerpt":{"rendered":"<p>Black Ada Sandscoop je alat za prosijavanje dizajniran za upotrebu na pje\u0161\u010danim pla\u017eama. Izra\u0111en od uglji\u010dnog \u010delika, konstrukcija je kompaktna i pouzdana. Sandscoop je vrlo lagan, \u0161to nam omogu\u0107uje kopanje bez puno napora. Proizvedeno u Velikoj Britaniji!   <\/p>\n","protected":false},"featured_media":2242,"comment_status":"closed","ping_status":"closed","template":"","meta":[],"product_brand":[],"product_cat":[304],"product_tag":[],"class_list":{"0":"post-4977","1":"product","2":"type-product","3":"status-publish","4":"has-post-thumbnail","6":"product_cat-alat-za-kopanje","8":"first","9":"instock","10":"taxable","11":"shipping-taxable","12":"purchasable","13":"product-type-simple"},"_links":{"self":[{"href":"https:\/\/detektor-kovin.si\/hr\/wp-json\/wp\/v2\/product\/4977","targetHints":{"allow":["GET"]}}],"collection":[{"href":"https:\/\/detektor-kovin.si\/hr\/wp-json\/wp\/v2\/product"}],"about":[{"href":"https:\/\/detektor-kovin.si\/hr\/wp-json\/wp\/v2\/types\/product"}],"replies":[{"embeddable":true,"href":"https:\/\/detektor-kovin.si\/hr\/wp-json\/wp\/v2\/comments?post=4977"}],"wp:featuredmedia":[{"embeddable":true,"href":"https:\/\/detektor-kovin.si\/hr\/wp-json\/wp\/v2\/media\/2242"}],"wp:attachment":[{"href":"https:\/\/detektor-kovin.si\/hr\/wp-json\/wp\/v2\/media?parent=4977"}],"wp:term":[{"taxonomy":"product_brand","embeddable":true,"href":"https:\/\/detektor-kovin.si\/hr\/wp-json\/wp\/v2\/product_brand?post=4977"},{"taxonomy":"product_cat","embeddable":true,"href":"https:\/\/detektor-kovin.si\/hr\/wp-json\/wp\/v2\/product_cat?post=4977"},{"taxonomy":"product_tag","embeddable":true,"href":"https:\/\/detektor-kovin.si\/hr\/wp-json\/wp\/v2\/product_tag?post=4977"}],"curies":[{"name":"wp","href":"https:\/\/api.w.org\/{rel}","templated":true}]}}