{"id":4944,"date":"2023-08-23T12:07:45","date_gmt":"2023-08-23T11:07:45","guid":{"rendered":"https:\/\/detektor-kovin.si\/izdelek\/x-terra-pro\/"},"modified":"2026-02-11T13:49:41","modified_gmt":"2026-02-11T12:49:41","slug":"x-terra-pro","status":"publish","type":"product","link":"https:\/\/detektor-kovin.si\/hr\/izdelek\/x-terra-pro\/","title":{"rendered":"X-Terra Pro"},"content":{"rendered":"<p>Minelab X-TERRA PRO detektor metala s PRO-SWITCH\u2122 tehnologijom promjene frekvencije.<\/p>\n<p>Jednostavan za kori\u0161tenje, nakon \u0161to ga postavite, jednostavno postavite detektor tako da odgovara va\u0161em podru\u010dju pretra\u017eivanja s na\u010dinima rada Park, Field i Beach. Kako se va\u0161e vje\u0161tine pobolj\u0161avaju, X-TERRA PRO nudi prostor za rast s PRO-SWITCH (tehnologija prebacivanja frekvencija) tako da mo\u017eete postaviti frekvenciju na 5, 8, 10 ili 15 kHz pritiskom na gumb i preuzeti kontrolu nad bilo kojim istra\u017eiva\u010dkim okru\u017eenjem ili situacijom koja se pojavi. <\/p>\n<p>X-TERRA PRO je potpuno vodootporan do 5 m (IP68) i opremljen je zna\u010dajkama kao \u0161to su 5 na\u010dina rada zvuka, LED svjetlo na upravlja\u010dkoj jedinici i vibriraju\u0107a ru\u010dka, identifikacija nalaza na zaslonu visoke rezolucije, vi\u0161etonski zvuk i mno\u0161tvo dodatne opreme koju \u0107ete uspje\u0161no koristiti kao profesionalac od samog po\u010detka.<\/p>\n<p>PRO-SWITCH\u2122 tehnologija<\/p>\n<p>Minelabov X-TERRA PRO omogu\u0107uje vam promjenu frekvencije. Otkrijte duboke nalaze bilo gdje, pod bilo kojim uvjetima. <\/p>\n<p>Metoda pretra\u017eivanja<\/p>\n<p>Odaberite izme\u0111u unaprijed postavljenih profila pretra\u017eivanja na temelju va\u0161e lokacije: park, polje ili pla\u017ea. Svaki na\u010din rada ima 2 profila koji vam omogu\u0107uju dodatno fino pode\u0161avanje postavki kako bi odgovarale va\u0161im preferencijama pretra\u017eivanja. <\/p>\n<p>Potpuno vodootporno<\/p>\n<p>Upravlja\u010dka jedinica i zavojnica za tra\u017eenje vodootporne su do dubine od 5 m (16 stopa), tako da s X-TERRA PRO mo\u017eete pretra\u017eivati \u200b\u200bbilo gdje, na kopnu ili u vodi. X-TERRA PRO dominira pla\u017eom, a namjenski na\u010din rada za pla\u017eu rje\u0161ava najte\u017ee uvjete pretra\u017eivanja u slanoj vodi. <\/p>\n<p>Rasvjeta i vibracije<\/p>\n<p>Dnevno svjetlo je mo\u017eda zavr\u0161ilo, ali to ne zna\u010di da va\u0161a potraga mora zavr\u0161iti: uz funkciju svjetiljke, osvijetljeni zaslon i vibriraju\u0107u ru\u010dku, mo\u017eete nastaviti potragu dugo nakon \u0161to sunce za\u0111e.<\/p>\n<p>Lagan i kompaktan<\/p>\n<p>X-TERRA PRO, koji se sastoji od 3 lagana \u0161tapa, te\u017ei samo 1,3 kg i sklapa se na samo 63 cm za udobno no\u0161enje u ruksaku.<\/p>\n<p>Pribor<\/p>\n<p>Minelab nudi niz vodootpornih zavojnica za tra\u017eenje za X-TERRA PRO \u2013 V12X\u2122 12\u2033x9\u2033 elipti\u010dnu DD (uklju\u010dena), V8X\u2122 8\u2033x5\u2033 elipti\u010dnu DD i V10X\u2122 10\u2033 x7\u2033 DD elipti\u010dnu (opcionalna zavojnica za tra\u017eenje), tako da ste spremni za bilo koji teren.<\/p>\n<p>X-TERRA PRO je tako\u0111er kompatibilan sa svim sondama serije EQUINOX\u00ae.<\/p>\n<p>Tehni\u010dki podaci:<\/p>\n<p>Na\u010dini pretra\u017eivanja: 2x Park, 2x Polje, 2x Pla\u017ea<\/p>\n<p>Pre\u010dac za &#8220;sve metalno&#8221;: Da<\/p>\n<p>Prilago\u0111eni profil pretra\u017eivanja: 8<\/p>\n<p>Radne frekvencije (kHz): Park i igrali\u0161te: 5, 10, 15 | Pla\u017ea: 8 kHz<\/p>\n<p>Poni\u0161tavanje buke: automatsko (19 kanala)<\/p>\n<p>Prilagodba terena za GB: automatska, ru\u010dna, pra\u0107enje<\/p>\n<p>Osjetljivost: 1 do 25<\/p>\n<p>Glasno\u0107a: 0 do 25<\/p>\n<p>Prag \u0161uma: 0 do 25<\/p>\n<p>Identifikacija nalaza (TID): diskriminacija 119 segmenata \u2013 \u017eeljezo: -19 \u2013 0 | ne\u017eeljezo: 1 \u2013 99<\/p>\n<p>Ciljni tonovi: 1, 2, 5, svi tonovi (AT), dubina (dP)<\/p>\n<p>Prekidni ton: \u017eeljezo (t1)<\/p>\n<p>Glasno\u0107a tona: Podesivi ton 1: 0 do 25<\/p>\n<p>Brzina oporavka: podesiva, 1 do 3<\/p>\n<p>Indikator dubine: 5 razina<\/p>\n<p>Segmenti diskriminacije: 30 segmenata<\/p>\n<p>Funkcija preciznog odre\u0111ivanja: Da<\/p>\n<p>Be\u017ei\u010dna audio veza: Da<\/p>\n<p>Duljina: zatvoreno 63 cm (25 in\u010da), rastegnuto 138 cm (54 in\u010da)<\/p>\n<p>Te\u017eina (uklju\u010duju\u0107i baterije): 1,3 kg (2,9 lbs)<\/p>\n<p>Zaslon: monokromatski LCD<\/p>\n<p>Pozadinsko osvjetljenje (crveno) Zaslon i tipkovnica: 3 razine &#8211; isklju\u010deno, jako, nisko<\/p>\n<p>Svjetiljka: uklju\u010dena, isklju\u010dena<\/p>\n<p>Vibracija: Uklju\u010deno, Isklju\u010deno<\/p>\n<p>Uklju\u010dena zavojnica za pretra\u017eivanje: V12X 12\u201d DD elipti\u010dni sa za\u0161titom sonde<\/p>\n<p>Audio izlaz: ugra\u0111eni zvu\u010dnik, 3,5 mm (\u215b\u201d) priklju\u010dak za \u017ei\u010dane slu\u0161alice, be\u017ei\u010dne slu\u0161alice<\/p>\n<p>Baterija: ugra\u0111ena litij-ionska 3,7 V \/ 5100 mA<\/p>\n<p>Prilo\u017eena oprema: Vodi\u010d za po\u010detak, kabel za punjenje<\/p>\n<p>Vodootpornost: 5 m (16 stopa) IP68<\/p>\n<p>Radna temperatura: -10\u00b0C do +40\u00b0C (+14\u00b0F do +104\u00b0F)<\/p>\n<p>Temperatura skladi\u0161tenja: -20 \u00b0C do +70 \u00b0C (-4 \u00b0F do +158 \u00b0F)<\/p>\n<p>Klju\u010dna tehnologija: Pro-Switch\u2122<\/p>\n","protected":false},"excerpt":{"rendered":"<p>Minelab X-TERRA PRO detektor metala s PRO-SWITCH\u2122 tehnologijom promjene frekvencije.<\/p>\n","protected":false},"featured_media":4947,"comment_status":"closed","ping_status":"closed","template":"","meta":[],"product_brand":[],"product_cat":[300],"product_tag":[],"class_list":{"0":"post-4944","1":"product","2":"type-product","3":"status-publish","4":"has-post-thumbnail","6":"product_cat-minelab","8":"first","9":"instock","10":"taxable","11":"shipping-taxable","12":"purchasable","13":"product-type-simple"},"_links":{"self":[{"href":"https:\/\/detektor-kovin.si\/hr\/wp-json\/wp\/v2\/product\/4944","targetHints":{"allow":["GET"]}}],"collection":[{"href":"https:\/\/detektor-kovin.si\/hr\/wp-json\/wp\/v2\/product"}],"about":[{"href":"https:\/\/detektor-kovin.si\/hr\/wp-json\/wp\/v2\/types\/product"}],"replies":[{"embeddable":true,"href":"https:\/\/detektor-kovin.si\/hr\/wp-json\/wp\/v2\/comments?post=4944"}],"wp:featuredmedia":[{"embeddable":true,"href":"https:\/\/detektor-kovin.si\/hr\/wp-json\/wp\/v2\/media\/4947"}],"wp:attachment":[{"href":"https:\/\/detektor-kovin.si\/hr\/wp-json\/wp\/v2\/media?parent=4944"}],"wp:term":[{"taxonomy":"product_brand","embeddable":true,"href":"https:\/\/detektor-kovin.si\/hr\/wp-json\/wp\/v2\/product_brand?post=4944"},{"taxonomy":"product_cat","embeddable":true,"href":"https:\/\/detektor-kovin.si\/hr\/wp-json\/wp\/v2\/product_cat?post=4944"},{"taxonomy":"product_tag","embeddable":true,"href":"https:\/\/detektor-kovin.si\/hr\/wp-json\/wp\/v2\/product_tag?post=4944"}],"curies":[{"name":"wp","href":"https:\/\/api.w.org\/{rel}","templated":true}]}}