{"id":4925,"date":"2023-08-23T12:12:38","date_gmt":"2023-08-23T11:12:38","guid":{"rendered":"https:\/\/detektor-kovin.si\/izdelek\/equinox-700-pro-pronadi-40\/"},"modified":"2026-02-11T13:49:39","modified_gmt":"2026-02-11T12:49:39","slug":"equinox-700-pro-pronadi-40","status":"publish","type":"product","link":"https:\/\/detektor-kovin.si\/hr\/izdelek\/equinox-700-pro-pronadi-40\/","title":{"rendered":"Equinox 700 + Pro prona\u0111i 40"},"content":{"rendered":"<p>Minelab EQUINOX 700 detektor metala s Multi-IQ tehnologijom mo\u017ee se pohvaliti impresivnim sustavom identifikacije nalaza, zaslonom visoke rezolucije, visokim performansama odvajanja otpada i potpuno je vodootporan do 5 m (16 stopa) s IP68 ocjenom.<\/p>\n<p>Minelab nastavlja razvijati Equinox seriju s a\u017euriranim sustavom sklopive osovine od karbonskih vlakana, naprednim audio kontrolama i korisnim zna\u010dajkama poput vibriraju\u0107e ru\u010dke. Equinox 900 standardno dolazi s dvije sonde: okruglom DD zavojnicom za tra\u017eenje EQX11 \/ 11\u2033 i EQX6 \/ 6\u2033, sa za\u0161titom za obje sonde i be\u017ei\u010dne slu\u0161alice ML 80. <\/p>\n<p>Prednosti Minelab Multi-IQ tehnologije \u2013 s revolucionarnom Minelab Multi-IQ tehnologijom imate kombiniranu snagu vi\u0161e detektora metala u jednom. Za sve vrste nalaza i za sve terene. Srebro, nalazi ili nakit. Parkovi, polja ili pla\u017ea.   <\/p>\n<p>Vodootpornost \u2013 IP68 vodootpornost do 5 m (16 stopa), s EQUINOX-om mo\u017eete pretra\u017eivati \u200b\u200bbilo gdje.<\/p>\n<p>Napredna kontrola zvuka \u2013 S vi\u0161etonskim audio opcijama, zvuk detekcije cilja je jasan \u2013 EQUINOX-ov vrhunski zvuk zna\u010di da ne\u0107ete samo \u201e\u010duti\u201c je li cilj sme\u0107e ili blago, ve\u0107 \u0107ete i mo\u0107i procijeniti njegovu veli\u010dinu i dubinu samo slu\u0161anjem.<\/p>\n<p>Iznimna to\u010dnost \u2013 zahvaljuju\u0107i Multi-IQ tehnologiji, pru\u017ea stabilne identifikacije \u010dak i za najdublje ciljeve.<\/p>\n<p>6 opcija za pojedina\u010dne frekvencije \u2013 Za one koji imaju na umu odre\u0111enu metu, EQUINOX 900 nudi potpunu kontrolu i mogu\u0107nost odabira izme\u0111u \u010detiri pojedina\u010dne frekvencije: 4\/5\/10\/15\/20\/40 kHz. U vi\u0161estrukom na\u010dinu rada, detektor \u0107e raditi na svim frekvencijama istovremeno. <\/p>\n<p>Funkcija svjetla i vibracije \u2013 Dnevno svjetlo je mo\u017eda pro\u0161lo, ali to ne zna\u010di da va\u0161a potraga mora zavr\u0161iti: s osvijetljenom upravlja\u010dkom jedinicom, crvenim pozadinskim osvjetljenjem zaslona, \u200b\u200bosvijetljenom tipkovnicom i vibriraju\u0107om ru\u010dkom, mo\u017eete nastaviti potragu dugo nakon \u0161to sunce za\u0111e.<\/p>\n<p>Glasan i jasan zvuk \u2013 Kristalno \u010dist zvuk s munjevito brzim be\u017ei\u010dnim slu\u0161alicama niske latencije (uklju\u010dene) i ugra\u0111enim zvu\u010dnikom ili \u017ei\u010danim slu\u0161alicama i vodootpornim slu\u0161alicama (opcionalno).<\/p>\n<p>Lagan i kompaktan \u2013 Izra\u0111en od laganih, trodijelnih karbonskih \u0161tapova, EQUINOX 700 te\u017ei samo 1,2 kg i sklapa se na samo 61 cm za udobno no\u0161enje u ruksaku.<\/p>\n<p>\u2013 11\u2033 DD sonda<br \/>\n &#8211; be\u017ei\u010dne slu\u0161alice uklju\u010dene<\/p>\n","protected":false},"excerpt":{"rendered":"<p>Minelab Equinox 700 + Pro find 40<\/p>\n","protected":false},"featured_media":4653,"comment_status":"closed","ping_status":"closed","template":"","meta":[],"product_brand":[],"product_cat":[315,300],"product_tag":[],"class_list":{"0":"post-4925","1":"product","2":"type-product","3":"status-publish","4":"has-post-thumbnail","6":"product_cat-akcija","7":"product_cat-minelab","9":"first","10":"instock","11":"sale","12":"taxable","13":"shipping-taxable","14":"purchasable","15":"product-type-simple"},"_links":{"self":[{"href":"https:\/\/detektor-kovin.si\/hr\/wp-json\/wp\/v2\/product\/4925","targetHints":{"allow":["GET"]}}],"collection":[{"href":"https:\/\/detektor-kovin.si\/hr\/wp-json\/wp\/v2\/product"}],"about":[{"href":"https:\/\/detektor-kovin.si\/hr\/wp-json\/wp\/v2\/types\/product"}],"replies":[{"embeddable":true,"href":"https:\/\/detektor-kovin.si\/hr\/wp-json\/wp\/v2\/comments?post=4925"}],"wp:featuredmedia":[{"embeddable":true,"href":"https:\/\/detektor-kovin.si\/hr\/wp-json\/wp\/v2\/media\/4653"}],"wp:attachment":[{"href":"https:\/\/detektor-kovin.si\/hr\/wp-json\/wp\/v2\/media?parent=4925"}],"wp:term":[{"taxonomy":"product_brand","embeddable":true,"href":"https:\/\/detektor-kovin.si\/hr\/wp-json\/wp\/v2\/product_brand?post=4925"},{"taxonomy":"product_cat","embeddable":true,"href":"https:\/\/detektor-kovin.si\/hr\/wp-json\/wp\/v2\/product_cat?post=4925"},{"taxonomy":"product_tag","embeddable":true,"href":"https:\/\/detektor-kovin.si\/hr\/wp-json\/wp\/v2\/product_tag?post=4925"}],"curies":[{"name":"wp","href":"https:\/\/api.w.org\/{rel}","templated":true}]}}