{"id":4886,"date":"2019-06-29T08:50:32","date_gmt":"2019-06-29T08:50:32","guid":{"rendered":"https:\/\/detektor-kovin.si\/izdelek\/garrett-ace-250\/"},"modified":"2026-02-11T13:49:22","modified_gmt":"2026-02-11T12:49:22","slug":"garrett-ace-250","status":"publish","type":"product","link":"https:\/\/detektor-kovin.si\/hr\/izdelek\/garrett-ace-250\/","title":{"rendered":"Garrett ACE 250"},"content":{"rendered":"<p>Garrett ACE serija je najprodavanija serija detektora metala u svijetu! Spektakularna digitalna tehnologija po pristupa\u010dnoj cijeni! Nikada prije nijedan proizvo\u0111a\u010d detektora metala nije razvio tako dobar proizvod po tako niskoj cijeni.  <\/p>\n<p>Garrett ACE 250 je kvalitetan proizvod u \u017eutom, sportskom dizajnu, s digitalnim zaslonom i tehnologijama Garrett GTA, GTI i GTP serije. Iznenadit \u0107e vas performanse ovog detektora metala. Raspon dubine je izvrstan. Pogodan za po\u010detnike i napredne lovce na blago.<br \/>\n Dubina pretra\u017eivanja ovisi o veli\u010dini predmeta: otprilike 30 cm za predmete veli\u010dine nov\u010di\u0107a, do 1,5 do 2 metra dubine za velike predmete.   <\/p>\n<p>Vodootporna sonda: Garrett ACE 250 ima vodootpornu sondu, zaslon nije vodootporan. Detektor metala ACE 250 mo\u017ee se koristiti u plitkoj vodi sve dok se zaslon ne smo\u010di.<br \/>\nDiskriminacija: Ovaj detektor metala ima funkciju diskriminacije (filter za krhotine) za male metalne predmete i predmete poput \u010depova i \u010davala. <\/p>\n<p>Tehni\u010dki podaci:<br \/>\n &#8211; Digitalni detektor metala s LCD zaslonom.<br \/>\n&#8211; Tehnologija kretanja, mikroprocesorski upravljana, frekvencija 6,5 \u200b\u200bKHz<br \/>\n&#8211; Garrett elipti\u010dna vodootporna sonda 9&#8243; x 6,5&#8243; (23 x 16,5 cm)<br \/>\n&#8211; 5 unaprijed programiranih na\u010dina pretra\u017eivanja (osobne postavke, svi metali, relikvije, nakit i kovanice)<br \/>\n&#8211; Indikator dubine u in\u010dima<br \/>\n&#8211; Sveobuhvatna diskriminacija \u017eeljeza u 12 faza<br \/>\n&#8211; 8 razina osjetljivosti<br \/>\n&#8211; Sje\u0107anje na samoodabranu diskriminaciju<br \/>\n&#8211; identifikacija objekta zvu\u010dnim signalom (npr. zlato = visoki ton, \u017eeljezo = niski ton)<br \/>\n&#8211; prepoznavanje objekta na zaslonu se mo\u017ee o\u010ditati (prikaz vrijednosti vodljivosti)<br \/>\n&#8211; Napon baterije mo\u017eete o\u010ditati na zaslonu<br \/>\n&#8211; Funkcija Pinpoint za preciznu lokalizaciju<br \/>\n&#8211; Radi na 4 AA baterije (trajanje baterije otprilike 20 sati)<br \/>\n&#8211; Te\u017eina 1,2 kg<br \/>\n&#8211; podesiva duljina (106-129 cm)<br \/>\n&#8211; Udoban naslon za ruke<br \/>\n&#8211; Dostupne su 4 alternativne tra\u017eilice<\/p>\n<p>www.metal-detector.si<br \/>\n info@detektor-kovin.si<br \/>\n 031 334 140<\/p>\n","protected":false},"excerpt":{"rendered":"<p>Garrett ACE serija je najprodavanija serija detektora metala u svijetu! Spektakularna digitalna tehnologija po pristupa\u010dnoj cijeni! Nikada prije nijedan proizvo\u0111a\u010d detektora metala nije razvio tako dobar proizvod po tako niskoj cijeni.  <\/p>\n","protected":false},"featured_media":2348,"comment_status":"closed","ping_status":"closed","template":"","meta":[],"product_brand":[],"product_cat":[309],"product_tag":[],"class_list":{"0":"post-4886","1":"product","2":"type-product","3":"status-publish","4":"has-post-thumbnail","6":"product_cat-garrett","8":"first","9":"onbackorder","10":"sale","11":"taxable","12":"shipping-taxable","13":"purchasable","14":"product-type-simple"},"_links":{"self":[{"href":"https:\/\/detektor-kovin.si\/hr\/wp-json\/wp\/v2\/product\/4886","targetHints":{"allow":["GET"]}}],"collection":[{"href":"https:\/\/detektor-kovin.si\/hr\/wp-json\/wp\/v2\/product"}],"about":[{"href":"https:\/\/detektor-kovin.si\/hr\/wp-json\/wp\/v2\/types\/product"}],"replies":[{"embeddable":true,"href":"https:\/\/detektor-kovin.si\/hr\/wp-json\/wp\/v2\/comments?post=4886"}],"wp:featuredmedia":[{"embeddable":true,"href":"https:\/\/detektor-kovin.si\/hr\/wp-json\/wp\/v2\/media\/2348"}],"wp:attachment":[{"href":"https:\/\/detektor-kovin.si\/hr\/wp-json\/wp\/v2\/media?parent=4886"}],"wp:term":[{"taxonomy":"product_brand","embeddable":true,"href":"https:\/\/detektor-kovin.si\/hr\/wp-json\/wp\/v2\/product_brand?post=4886"},{"taxonomy":"product_cat","embeddable":true,"href":"https:\/\/detektor-kovin.si\/hr\/wp-json\/wp\/v2\/product_cat?post=4886"},{"taxonomy":"product_tag","embeddable":true,"href":"https:\/\/detektor-kovin.si\/hr\/wp-json\/wp\/v2\/product_tag?post=4886"}],"curies":[{"name":"wp","href":"https:\/\/api.w.org\/{rel}","templated":true}]}}