{"id":4882,"date":"2019-04-03T19:48:00","date_gmt":"2019-04-03T19:48:00","guid":{"rendered":"https:\/\/detektor-kovin.si\/izdelek\/pulsni-2u1\/"},"modified":"2026-02-11T13:49:21","modified_gmt":"2026-02-11T12:49:21","slug":"pulsni-2u1","status":"publish","type":"product","link":"https:\/\/detektor-kovin.si\/hr\/izdelek\/pulsni-2u1\/","title":{"rendered":"Pulsni 2u1"},"content":{"rendered":"<p>Pulsiraju\u0107i ronila\u010dki nokti<\/p>\n<p>Nokta predstavlja potpunu novost na tr\u017ei\u0161tu&#8230; poinpointer i detektor za ronjenje u jednom! <\/p>\n<p>Zna\u010dajke PulseDivea:<\/p>\n<p>\u00b7 IP68 &#8211; Vodootpornost do 60 m (200 stopa)<\/p>\n<p>\u00b7 Pulsna indukcija &#8211; Ova mo\u0107na tehnologija omogu\u0107uje vrlo stabilan rad u morskoj vodi ili svim vrstama tla.<\/p>\n<p>\u00b7 Ugra\u0111eni be\u017ei\u010dni modul &#8211; Kompatibilan s Nokta Makro 2,4 GHz Green Edition be\u017ei\u010dnim slu\u0161alicama.<\/p>\n<p>\u00b7 Upozorenja i indikatori detekcije &#8211; Samo zvuk 2. Samo vibracija 3. Zvuk i vibracija i LED indikator uz bilo \u0161to od navedenog  <\/p>\n<p>\u00b7 LED svjetiljka &#8211; lako uo\u010dite svoju metu no\u0107u ili prilikom lova pod vodom.<\/p>\n<p>\u00b7 Brzo ponovno pode\u0161avanje &#8211; Osigurava stabilan rad ure\u0111aja pritiskom na jedan gumb.<\/p>\n<p>\u00b7 Na\u010din ronjenja &#8211; Omogu\u0107uje lak\u0161e upravljanje pod vodom onemogu\u0107avanjem tipki i sprje\u010davanjem njihovog pritiska pritiskom vode tijekom dubokog ronjenja.<\/p>\n<p>\u00b7 Izgubljeni alarm &#8211; Nakon 5 minuta neaktivnosti, ure\u0111aj emitira zvu\u010dni alarm i LED po\u010dinje treptati.<\/p>\n<p>\u00b7 Zamjenjivi tvrdi dio \u2013 Zamjenjiva zavojnica opremljena je za\u0161titnim tvrdim ku\u0107i\u0161tem koje sprje\u010dava tro\u0161enje vrha za detekciju.<\/p>\n<p>PulseDive komplet dostupan je u dvije boje: crnoj ili \u017eutoj.<\/p>\n<p>Paket uklju\u010duje:<\/p>\n<p>&#8211; Vodootporna i izdr\u017eljiva torba<\/p>\n<p>&#8211; Sonda za precizno odre\u0111ivanje polo\u017eaja<\/p>\n<p>&#8211; Sonda za ronjenje<\/p>\n<p>&#8211; Crna ili \u017euta izmjenjiva kutija<\/p>\n<p>&#8211; Poklopac odjeljka za baterije (za kori\u0161tenje na kopnu)<\/p>\n<p>&#8211; Remen za no\u0161enje<\/p>\n<p>&#8211; Sigurnosna traka<\/p>\n<p>&#8211; USB kabel za punjenje<\/p>\n<p>&#8211; Za\u0161titni poklopac za za\u0161titu od pra\u0161ine<\/p>\n","protected":false},"excerpt":{"rendered":"<p>Nokta predstavlja potpunu novost na tr\u017ei\u0161tu&#8230; poinpointer i detektor za ronjenje u jednom! <\/p>\n","protected":false},"featured_media":2905,"comment_status":"closed","ping_status":"closed","template":"","meta":[],"product_brand":[],"product_cat":[302],"product_tag":[],"class_list":{"0":"post-4882","1":"product","2":"type-product","3":"status-publish","4":"has-post-thumbnail","6":"product_cat-nokta-makro","8":"first","9":"instock","10":"taxable","11":"shipping-taxable","12":"purchasable","13":"product-type-simple"},"_links":{"self":[{"href":"https:\/\/detektor-kovin.si\/hr\/wp-json\/wp\/v2\/product\/4882","targetHints":{"allow":["GET"]}}],"collection":[{"href":"https:\/\/detektor-kovin.si\/hr\/wp-json\/wp\/v2\/product"}],"about":[{"href":"https:\/\/detektor-kovin.si\/hr\/wp-json\/wp\/v2\/types\/product"}],"replies":[{"embeddable":true,"href":"https:\/\/detektor-kovin.si\/hr\/wp-json\/wp\/v2\/comments?post=4882"}],"wp:featuredmedia":[{"embeddable":true,"href":"https:\/\/detektor-kovin.si\/hr\/wp-json\/wp\/v2\/media\/2905"}],"wp:attachment":[{"href":"https:\/\/detektor-kovin.si\/hr\/wp-json\/wp\/v2\/media?parent=4882"}],"wp:term":[{"taxonomy":"product_brand","embeddable":true,"href":"https:\/\/detektor-kovin.si\/hr\/wp-json\/wp\/v2\/product_brand?post=4882"},{"taxonomy":"product_cat","embeddable":true,"href":"https:\/\/detektor-kovin.si\/hr\/wp-json\/wp\/v2\/product_cat?post=4882"},{"taxonomy":"product_tag","embeddable":true,"href":"https:\/\/detektor-kovin.si\/hr\/wp-json\/wp\/v2\/product_tag?post=4882"}],"curies":[{"name":"wp","href":"https:\/\/api.w.org\/{rel}","templated":true}]}}