{"id":4877,"date":"2025-02-13T08:08:23","date_gmt":"2025-02-13T07:08:23","guid":{"rendered":"https:\/\/detektor-kovin.si\/izdelek\/detech-13-ultimate-dd-sonda-za-fisher-f11-f22-f44\/"},"modified":"2026-02-11T13:49:10","modified_gmt":"2026-02-11T12:49:10","slug":"detech-13-ultimate-dd-sonda-za-fisher-f11-f22-f44","status":"publish","type":"product","link":"https:\/\/detektor-kovin.si\/hr\/izdelek\/detech-13-ultimate-dd-sonda-za-fisher-f11-f22-f44\/","title":{"rendered":"Detech 13&#8243; Ultimate DD sonda za Fisher F11\/F22\/F44"},"content":{"rendered":"<p>Konfiguracija:<\/p>\n<p>&#8211; Veli\u010dina: 13&#8243;,<br \/>\n &#8211; Te\u017eina otprilike 480 g.<br \/>\n &#8211; Vrsta zavojnice za tra\u017eenje: DD \/\u200eDvostruko D;<br \/>\n &#8211; Oblik zavojnice: Okrugli.  <\/p>\n<p>Za\u0161tita sonde je uklju\u010dena.<\/p>\n<p>KOMPATIBILNO S: Ova Detech zavojnica za tra\u017eenje kompatibilna je s Fisher F11\/F22\/F44 detektorima metala. Nadogradnjom na ovu sondu posti\u0107i \u0107ete najbolju dubinu i najto\u010dniju detekciju metala.<\/p>\n<p>KARAKTERISTIKE: Bolja ravnote\u017ea tla, osjetljivost i preciznost odre\u0111ivanja. Stabilniji rad, preciznija identifikacija cilja, stabilno tlo i bolje ukupne performanse na terenu. Rebrasto ku\u0107i\u0161te posebno dizajnirano za apsorpciju mehani\u010dkih udara i vibracija. Izra\u0111en od posebnog polimera, oja\u010danog staklenim vlaknima, ubrizganog pod vrlo visokim tlakom. Zavojnica je vodootporna s maksimalnom UV za\u0161titom.<\/p>\n<p>NAMJENA: Detekcija metala, tra\u017eenje relikvija, drevnih kovanica, nakita, artefakata, zlata i svih metala.<\/p>\n<p>JAMSTVO: Ova profesionalna oprema za detekciju metala ima 2 GODINE jamstva od datuma kupnje.<\/p>\n","protected":false},"excerpt":{"rendered":"<p>Detech 13&#8243; Ultimate DD sonda za Fisher F11\/F22\/F44.<\/p>\n","protected":false},"featured_media":4786,"comment_status":"closed","ping_status":"closed","template":"","meta":[],"product_brand":[],"product_cat":[299,312],"product_tag":[],"class_list":{"0":"post-4877","1":"product","2":"type-product","3":"status-publish","4":"has-post-thumbnail","6":"product_cat-detech","7":"product_cat-fisherova-oprema","9":"first","10":"instock","11":"taxable","12":"shipping-taxable","13":"purchasable","14":"product-type-simple"},"_links":{"self":[{"href":"https:\/\/detektor-kovin.si\/hr\/wp-json\/wp\/v2\/product\/4877","targetHints":{"allow":["GET"]}}],"collection":[{"href":"https:\/\/detektor-kovin.si\/hr\/wp-json\/wp\/v2\/product"}],"about":[{"href":"https:\/\/detektor-kovin.si\/hr\/wp-json\/wp\/v2\/types\/product"}],"replies":[{"embeddable":true,"href":"https:\/\/detektor-kovin.si\/hr\/wp-json\/wp\/v2\/comments?post=4877"}],"wp:featuredmedia":[{"embeddable":true,"href":"https:\/\/detektor-kovin.si\/hr\/wp-json\/wp\/v2\/media\/4786"}],"wp:attachment":[{"href":"https:\/\/detektor-kovin.si\/hr\/wp-json\/wp\/v2\/media?parent=4877"}],"wp:term":[{"taxonomy":"product_brand","embeddable":true,"href":"https:\/\/detektor-kovin.si\/hr\/wp-json\/wp\/v2\/product_brand?post=4877"},{"taxonomy":"product_cat","embeddable":true,"href":"https:\/\/detektor-kovin.si\/hr\/wp-json\/wp\/v2\/product_cat?post=4877"},{"taxonomy":"product_tag","embeddable":true,"href":"https:\/\/detektor-kovin.si\/hr\/wp-json\/wp\/v2\/product_tag?post=4877"}],"curies":[{"name":"wp","href":"https:\/\/api.w.org\/{rel}","templated":true}]}}