{"id":4781,"date":"2025-10-14T12:55:28","date_gmt":"2025-10-14T11:55:28","guid":{"rendered":"https:\/\/detektor-kovin.si\/izdelek\/sito-v1-2\/"},"modified":"2026-02-11T13:48:14","modified_gmt":"2026-02-11T12:48:14","slug":"sito-v1-2","status":"publish","type":"product","link":"https:\/\/detektor-kovin.si\/hr\/izdelek\/sito-v1-2\/","title":{"rendered":"Sito V1"},"content":{"rendered":"<p>Sito V1<\/p>\n<p>Tehni\u010dki podaci<\/p>\n<p>Materijal: AISI 304 (nehr\u0111aju\u0107i \u010delik)<\/p>\n<p>Debljina lima: 1,5\/2 mm<\/p>\n<p>Zavr\u0161na obrada: elektropolirana<\/p>\n<p>Promjer rupe za dodatnu ru\u010dku: 29 mm<\/p>\n<p>Promjer \u0161esterokutne rupe: 10 mm<\/p>\n<p>Dimenzije: 313 x 198 x 123 mm<\/p>\n<p>Te\u017eina: 1580 g<\/p>\n","protected":false},"excerpt":{"rendered":"<p>Sito V1 Tehni\u010dki podaci Materijal: AISI 304 (nehr\u0111aju\u0107i \u010delik) Debljina lima: 1,5\/2 mm Zavr\u0161na obrada: elektropolirana Promjer rupe za dodatnu ru\u010dku: 29 mm Promjer \u0161esterokutne rupe: 10 mm Dimenzije: 313<\/p>\n","protected":false},"featured_media":4705,"comment_status":"closed","ping_status":"closed","template":"","meta":[],"product_brand":[],"product_cat":[304,305],"product_tag":[],"class_list":{"0":"post-4781","1":"product","2":"type-product","3":"status-publish","4":"has-post-thumbnail","6":"product_cat-alat-za-kopanje","7":"product_cat-swagier-scoop","9":"first","10":"instock","11":"taxable","12":"shipping-taxable","13":"purchasable","14":"product-type-simple"},"_links":{"self":[{"href":"https:\/\/detektor-kovin.si\/hr\/wp-json\/wp\/v2\/product\/4781","targetHints":{"allow":["GET"]}}],"collection":[{"href":"https:\/\/detektor-kovin.si\/hr\/wp-json\/wp\/v2\/product"}],"about":[{"href":"https:\/\/detektor-kovin.si\/hr\/wp-json\/wp\/v2\/types\/product"}],"replies":[{"embeddable":true,"href":"https:\/\/detektor-kovin.si\/hr\/wp-json\/wp\/v2\/comments?post=4781"}],"wp:featuredmedia":[{"embeddable":true,"href":"https:\/\/detektor-kovin.si\/hr\/wp-json\/wp\/v2\/media\/4705"}],"wp:attachment":[{"href":"https:\/\/detektor-kovin.si\/hr\/wp-json\/wp\/v2\/media?parent=4781"}],"wp:term":[{"taxonomy":"product_brand","embeddable":true,"href":"https:\/\/detektor-kovin.si\/hr\/wp-json\/wp\/v2\/product_brand?post=4781"},{"taxonomy":"product_cat","embeddable":true,"href":"https:\/\/detektor-kovin.si\/hr\/wp-json\/wp\/v2\/product_cat?post=4781"},{"taxonomy":"product_tag","embeddable":true,"href":"https:\/\/detektor-kovin.si\/hr\/wp-json\/wp\/v2\/product_tag?post=4781"}],"curies":[{"name":"wp","href":"https:\/\/api.w.org\/{rel}","templated":true}]}}