{"id":4770,"date":"2020-11-11T19:31:40","date_gmt":"2020-11-11T19:31:40","guid":{"rendered":"https:\/\/detektor-kovin.si\/izdelek\/fisher-f75-2\/"},"modified":"2026-02-11T13:48:04","modified_gmt":"2026-02-11T12:48:04","slug":"fisher-f75-2","status":"publish","type":"product","link":"https:\/\/detektor-kovin.si\/hr\/izdelek\/fisher-f75-2\/","title":{"rendered":"Fisher F75"},"content":{"rendered":"<p>Fisher F75 vrhunski detektor metala<\/p>\n<p>S ovim vrhunskim detektorom, dizajniranim za tra\u017eenje antikviteta, kovanica i zlata, pouzdano \u0107ete i bez problema pretra\u017eivati \u200b\u200bpodru\u010dja kontaminirana \u017eeljezom i drugim ostacima, detektor \u0107e raditi pouzdano i bez problema posti\u0107i iznimne rezultate \u010dak i u podru\u010djima s jakim EMI smetnjama. F 75 pripada samom vrhu Fisherovih vrhunskih detektora metala, ali istovremeno je, zbog jednostavnosti kori\u0161tenja, prikladan i za po\u010detnike. Impresionirat \u0107e vas svojim naprednim funkcijama i mogu\u0107nostima! Inovativne funkcije, poput Digital Shielding Technology (DST), zna\u010dajno pove\u0107avaju dubinu pretra\u017eivanja, omogu\u0107uju\u0107i kori\u0161tenje maksimalne osjetljivosti uz minimalnu pozadinsku buku&#8230;! F75 je izniman detektor metala za sve potrebe! Tra\u017eitelju nudi sve \u0161to uspje\u0161an traga\u010d o\u010dekuje od detektora metala &#8211; pouzdanost, visoku kvalitetu, rad bez gre\u0161aka i fer omjer cijene i vrijednosti.     <\/p>\n<p>TE\u017dINA: 1,6 kg (s baterijama)<br \/>\nVODOOTPORNOST: ne<br \/>\nFREKVENCIJA: 13 kHz<br \/>\nTEHNOLOGIJA: VLF \/ kretanje<br \/>\nFUNKCIJE: uklju\u010deno\/isklju\u010deno\/osjetljivost\/program\/pinpoint\/gb\u2026<br \/>\nDST FUNKCIJA: maksimalna osjetljivost uz minimalni \u0161um<br \/>\nDISKRIMINACIJA: podesivi, usko\u010dni filter<br \/>\nPROGRAMI ZA PRETRA\u017dIVANJE: 4, prilagodljiva (Svi metali, Proces lociranja predmemorije, Diskriminacija, Pokret, Svi metali, Pinpoint)<br \/>\nSIGNALIZACIJA \u017dELJEZA: podesivi ton (Podesivi zvuk \u017eeljeza)<br \/>\nOSJETLJIVOST: podesiva<br \/>\nPODESIVOST GLASNO\u0106E: da<br \/>\nPRILAGODLJIVOST ZEMLJI\u0160TA (VB): da, automatski, ru\u010dno ili u stvarnom vremenu<br \/>\nIDENTIFIKACIJA ZVUKA: da, prilagodljivo<br \/>\nIDENTIFIKACIJA METALA: da, VDO numeri\u010dki 1-99<br \/>\nPRAG SIGNAL: da, podesiv<br \/>\nFUNKCIJA TO\u010cNOG UZORAKA: da<br \/>\nZASLON: LCD, osvijetljen<br \/>\nNAPAJANJE: 4x 1,5 V AA<br \/>\nAUTONOMIJA: 30 sati<br \/>\nSLU\u0160ALICE: 6,3 mm priklju\u010dak<br \/>\nDuljina se mo\u017ee prilagoditi visini tra\u017eila<br \/>\nJamstvo: 2 godine<br \/>\n11\u201d elipti\u010dna DD sonda, vodootporna<\/p>\n","protected":false},"excerpt":{"rendered":"<p>Fisher F75+ detektor metala<\/p>\n","protected":false},"featured_media":2476,"comment_status":"closed","ping_status":"closed","template":"","meta":[],"product_brand":[],"product_cat":[313],"product_tag":[],"class_list":{"0":"post-4770","1":"product","2":"type-product","3":"status-publish","4":"has-post-thumbnail","6":"product_cat-fisher","8":"first","9":"instock","10":"sale","11":"taxable","12":"shipping-taxable","13":"purchasable","14":"product-type-simple"},"_links":{"self":[{"href":"https:\/\/detektor-kovin.si\/hr\/wp-json\/wp\/v2\/product\/4770","targetHints":{"allow":["GET"]}}],"collection":[{"href":"https:\/\/detektor-kovin.si\/hr\/wp-json\/wp\/v2\/product"}],"about":[{"href":"https:\/\/detektor-kovin.si\/hr\/wp-json\/wp\/v2\/types\/product"}],"replies":[{"embeddable":true,"href":"https:\/\/detektor-kovin.si\/hr\/wp-json\/wp\/v2\/comments?post=4770"}],"wp:featuredmedia":[{"embeddable":true,"href":"https:\/\/detektor-kovin.si\/hr\/wp-json\/wp\/v2\/media\/2476"}],"wp:attachment":[{"href":"https:\/\/detektor-kovin.si\/hr\/wp-json\/wp\/v2\/media?parent=4770"}],"wp:term":[{"taxonomy":"product_brand","embeddable":true,"href":"https:\/\/detektor-kovin.si\/hr\/wp-json\/wp\/v2\/product_brand?post=4770"},{"taxonomy":"product_cat","embeddable":true,"href":"https:\/\/detektor-kovin.si\/hr\/wp-json\/wp\/v2\/product_cat?post=4770"},{"taxonomy":"product_tag","embeddable":true,"href":"https:\/\/detektor-kovin.si\/hr\/wp-json\/wp\/v2\/product_tag?post=4770"}],"curies":[{"name":"wp","href":"https:\/\/api.w.org\/{rel}","templated":true}]}}