{"id":4751,"date":"2024-11-03T19:00:56","date_gmt":"2024-11-03T18:00:56","guid":{"rendered":"https:\/\/detektor-kovin.si\/izdelek\/nokta-the-legend-pro-paket-besplatni-nokta-pokazivac-oprema\/"},"modified":"2026-02-11T13:47:18","modified_gmt":"2026-02-11T12:47:18","slug":"nokta-the-legend-pro-paket-besplatni-nokta-pokazivac-oprema","status":"publish","type":"product","link":"https:\/\/detektor-kovin.si\/hr\/izdelek\/nokta-the-legend-pro-paket-besplatni-nokta-pokazivac-oprema\/","title":{"rendered":"Nokta The Legend Pro paket &#8211; besplatni Nokta pokaziva\u010d + oprema"},"content":{"rendered":"<p>Prvi simultani vi\u0161efrekventni detektor metala Nokta Makro LEGEND prepun je zna\u010dajki koje ga \u010dine vrhunskim vi\u0161enamjenskim detektorom, prilagodljivim svim vrstama ciljeva i uvjetima na tlu.<br \/>\n Ovaj &#8220;legendarni&#8221; detektor metala nudi iznimne performanse u najte\u017eim uvjetima zahvaljuju\u0107i svom svjetski priznatom robusnom i vodootpornom dizajnu te cijeni koja postavlja novi standard u industriji.<br \/>\n Njegove dubinske i napredne mogu\u0107nosti diskriminacije, zajedno s tihim i stabilnim radom na pla\u017ei i pod vodom, o\u010darat \u0107e sve lovce na kopnu i pla\u017ei.<\/p>\n<p>MI SMO JEDINI OVLA\u0160TENI PRODAVATELJ I SERVISER PROIZVODA ZA NOKTE!<\/p>\n<p>\u2022 SMF &#8211; ISTOVREMENA VI\u0160EFREKVENCIJA<br \/>\n \u2022 2 vi\u0161estruke I 5 pojedina\u010dnih frekvencija (4\/10\/15\/20\/40KhZ)<br \/>\n \u2022 NOVA ZNA\u010cAJKA! FERROCHECK &#8211;<br \/>\n \u2022 4 NA\u010cINA PRETRA\u017dIVANJA &#8211; PARK .POLJE .PLA\u017dA .ZLATNO POLJE<br \/>\n \u2022 Ugra\u0111eni sat i pra\u0107enje vremena<br \/>\n \u2022 Bluetooth aptX\u2122 slu\u0161alice<br \/>\n \u2022 IP68 &#8211; VODOOTPORNO DO 3 m. \/ 10 stopa<br \/>\n \u2022 Osovina se uvla\u010di do 63 cm (25&#8221;) za jednostavan transport i kori\u0161tenje pod vodom.<br \/>\n \u2022 Donja osovina od karbonskih vlakana<\/p>\n<p>\uf0d8 IP68<br \/>\n Potpuno vodootporan do 3 metra (10 stopa) i za\u0161ti\u0107en od prodiranja pra\u0161ine.<br \/>\n\uf0d8 Napredne postavke diskriminacije<br \/>\n .Svi metalni .U\u010dinak tla isklju\u010den .\u017deljezni Isklju\u010deno .Prilago\u0111eno (diskriminacijski zarez)<br \/>\n \uf0d8 Pomak frekvencije i poni\u0161tavanje \u0161uma<br \/>\n Rije\u0161ite se EMI-ja lako.<br \/>\n\uf0d8 Pode\u0161avanje brzine oporavka<br \/>\n Omogu\u0107uje vam otkrivanje manjih ciljeva me\u0111u krhotinama pode\u0161avanjem brzine odziva cilja.<br \/>\n\uf0d8 60 identifikacijskih oznaka ciljeva i harmonijskih tonova<br \/>\n To\u010dni identifikacijski podaci ciljeva i harmonijski tonovi s podesivim frekvencijama omogu\u0107uju vam jednostavnu identifikaciju ciljeva.<br \/>\n\uf0d8 Podesivi prag<br \/>\n Omogu\u0107uje vam postavljanje praga i frekvencije u svakom na\u010dinu rada.<br \/>\n\uf0d8 4 prilago\u0111ena korisni\u010dka profila<br \/>\n Spremite svoje omiljene postavke za razli\u010dite lokacije i\/ili odredi\u0161ta.<br \/>\n\uf0d8 Jednostavan za rukovanje<br \/>\n \u0160tedi dragocjeno vrijeme detekcije i \u010dini ure\u0111aj prikladnim i za po\u010detnike i za iskusne detektore.<br \/>\n\uf0d8 Vibracije<br \/>\n Legenda \u0107e vibrirati nakon detekcije cilja! Idealno za korisnike s o\u0161te\u0107enim sluhom, kao i za podvodno otkrivanje.<br \/>\n \uf0d8 LCD zaslon s pozadinskim osvjetljenjem i LED svjetiljka<br \/>\n Odli\u010dna zna\u010dajka za no\u0107ne love!<br \/>\n \uf0d8 Lagana (1,4 kg \/ 3,0 lbs)<br \/>\n Dobro uravnote\u017een \u2013 u\u017eivajte u osjetilima dulje vrijeme bez umora.<br \/>\n \uf0d8 Dugo trajanje baterije<br \/>\n Jednostavno ga napunite USB punja\u010dem ili power bankom. Pru\u017ea do 20 sati kori\u0161tenja*.<br \/>\n \uf0d8 Online a\u017euriranja firmvera<br \/>\n Budite u tijeku s a\u017euriranjima firmvera (putem USB-a) i iskoristite svoj detektor na najbolji mogu\u0107i na\u010din.<\/p>\n<p> *Trajanje baterije varira ovisno o radnoj frekvenciji i drugim postavkama.<\/p>\n","protected":false},"excerpt":{"rendered":"<p>Prvi simultani vi\u0161efrekventni detektor metala Nokta Makro LEGEND prepun je zna\u010dajki koje ga \u010dine vrhunskim vi\u0161enamjenskim detektorom, prilagodljivim svim vrstama ciljeva i uvjetima na tlu.<\/p>\n","protected":false},"featured_media":4754,"comment_status":"closed","ping_status":"closed","template":"","meta":[],"product_brand":[],"product_cat":[302],"product_tag":[],"class_list":{"0":"post-4751","1":"product","2":"type-product","3":"status-publish","4":"has-post-thumbnail","6":"product_cat-nokta-makro","8":"first","9":"instock","10":"sale","11":"featured","12":"taxable","13":"shipping-taxable","14":"purchasable","15":"product-type-simple"},"_links":{"self":[{"href":"https:\/\/detektor-kovin.si\/hr\/wp-json\/wp\/v2\/product\/4751","targetHints":{"allow":["GET"]}}],"collection":[{"href":"https:\/\/detektor-kovin.si\/hr\/wp-json\/wp\/v2\/product"}],"about":[{"href":"https:\/\/detektor-kovin.si\/hr\/wp-json\/wp\/v2\/types\/product"}],"replies":[{"embeddable":true,"href":"https:\/\/detektor-kovin.si\/hr\/wp-json\/wp\/v2\/comments?post=4751"}],"wp:featuredmedia":[{"embeddable":true,"href":"https:\/\/detektor-kovin.si\/hr\/wp-json\/wp\/v2\/media\/4754"}],"wp:attachment":[{"href":"https:\/\/detektor-kovin.si\/hr\/wp-json\/wp\/v2\/media?parent=4751"}],"wp:term":[{"taxonomy":"product_brand","embeddable":true,"href":"https:\/\/detektor-kovin.si\/hr\/wp-json\/wp\/v2\/product_brand?post=4751"},{"taxonomy":"product_cat","embeddable":true,"href":"https:\/\/detektor-kovin.si\/hr\/wp-json\/wp\/v2\/product_cat?post=4751"},{"taxonomy":"product_tag","embeddable":true,"href":"https:\/\/detektor-kovin.si\/hr\/wp-json\/wp\/v2\/product_tag?post=4751"}],"curies":[{"name":"wp","href":"https:\/\/api.w.org\/{rel}","templated":true}]}}