{"id":4725,"date":"2024-10-07T14:23:01","date_gmt":"2024-10-07T13:23:01","guid":{"rendered":"https:\/\/detektor-kovin.si\/izdelek\/nail-findx-pro\/"},"modified":"2026-02-11T13:46:58","modified_gmt":"2026-02-11T12:46:58","slug":"nail-findx-pro","status":"publish","type":"product","link":"https:\/\/detektor-kovin.si\/hr\/izdelek\/nail-findx-pro\/","title":{"rendered":"Nail FindX PRO"},"content":{"rendered":"<p>VRHUNSKI IZBOR ZA PO\u010cETNIKE<\/p>\n<p>POJEDNOSTAVLJENO, MO\u0106NO I SPREMNO ZA OBJAVLJIVANJE<br \/>\n TVOJ LOVAC NA BLAG!<\/p>\n<p>VRHUNSKI IZBOR ZA PO\u010cETNIKE I JEDNOSTAVAN ZA KORI\u0160TENJE<\/p>\n<p>Otkrijte FINDX detektor metala! Jednostavno se prebacujte izme\u0111u terena i odredi\u0161ta s potpuno automatskim na\u010dinima pretra\u017eivanja poput Polja, Parka i Pla\u017ee. Zahvaljuju\u0107i plug-and-go dizajnu i jednostavnom su\u010delju s jednim izbornikom, prilagodba specifi\u010dnim okru\u017eenjima je za po\u010detnike jednostavna! Postavke skale identifikacije cilja i osjetljivosti prikladne su za sve, od po\u010detnika do profesionalaca, djece do odraslih.<\/p>\n<p>FINDX detektori metala imaju sve \u0161to vam je potrebno za detekciju: vodootpornu DD 11-in\u010dnu zavojnicu za tra\u017eenje i poklopac, slu\u0161alice, standardni kopa\u010d i torbu za no\u0161enje. Sve \u0161to trebate u\u010diniti je upotrijebiti funkciju tra\u017eenja blaga i do\u0107i do njega. \u0160tovi\u0161e, FINDX pronalazi sve: nakit, kovanice, relikvije, zlato. Indikatori dubine i volumena olak\u0161avaju pronala\u017eenje blaga nego ikad prije!<\/p>\n<p>&#8211; DD sonda 11&#8243;<br \/>\n &#8211; vodootpornost 5m<br \/>\n &#8211; litijeva baterija &#8211; do 12 sati autonomije<br \/>\n &#8211; 5 programa<br \/>\n &#8211; te\u017eina: 1,2 kg<\/p>\n","protected":false},"excerpt":{"rendered":"<p>VRHUNSKI IZBOR ZA PO\u010cETNIKE<\/p>\n","protected":false},"featured_media":4689,"comment_status":"closed","ping_status":"closed","template":"","meta":[],"product_brand":[],"product_cat":[315,302],"product_tag":[],"class_list":{"0":"post-4725","1":"product","2":"type-product","3":"status-publish","4":"has-post-thumbnail","6":"product_cat-akcija","7":"product_cat-nokta-makro","9":"first","10":"instock","11":"sale","12":"featured","13":"taxable","14":"shipping-taxable","15":"purchasable","16":"product-type-simple"},"_links":{"self":[{"href":"https:\/\/detektor-kovin.si\/hr\/wp-json\/wp\/v2\/product\/4725","targetHints":{"allow":["GET"]}}],"collection":[{"href":"https:\/\/detektor-kovin.si\/hr\/wp-json\/wp\/v2\/product"}],"about":[{"href":"https:\/\/detektor-kovin.si\/hr\/wp-json\/wp\/v2\/types\/product"}],"replies":[{"embeddable":true,"href":"https:\/\/detektor-kovin.si\/hr\/wp-json\/wp\/v2\/comments?post=4725"}],"wp:featuredmedia":[{"embeddable":true,"href":"https:\/\/detektor-kovin.si\/hr\/wp-json\/wp\/v2\/media\/4689"}],"wp:attachment":[{"href":"https:\/\/detektor-kovin.si\/hr\/wp-json\/wp\/v2\/media?parent=4725"}],"wp:term":[{"taxonomy":"product_brand","embeddable":true,"href":"https:\/\/detektor-kovin.si\/hr\/wp-json\/wp\/v2\/product_brand?post=4725"},{"taxonomy":"product_cat","embeddable":true,"href":"https:\/\/detektor-kovin.si\/hr\/wp-json\/wp\/v2\/product_cat?post=4725"},{"taxonomy":"product_tag","embeddable":true,"href":"https:\/\/detektor-kovin.si\/hr\/wp-json\/wp\/v2\/product_tag?post=4725"}],"curies":[{"name":"wp","href":"https:\/\/api.w.org\/{rel}","templated":true}]}}