{"id":4695,"date":"2026-02-09T17:10:48","date_gmt":"2026-02-09T16:10:48","guid":{"rendered":"https:\/\/detektor-kovin.si\/izdelek\/x-terra-pro-elite-2\/"},"modified":"2026-02-11T13:46:37","modified_gmt":"2026-02-11T12:46:37","slug":"x-terra-pro-elite-2","status":"publish","type":"product","link":"https:\/\/detektor-kovin.si\/hr\/izdelek\/x-terra-pro-elite-2\/","title":{"rendered":"X-Terra Pro Elite"},"content":{"rendered":"<p>Minelab X-Terra Elite detektor metala<\/p>\n<p>AKCIJSKI! Uklju\u010deni pinpointer Pro Find 35<\/p>\n<p> Minelab X-TERRA ELITE detektor metala s istovremenom vi\u0161efrekventnom MULTI-IQ tehnologijom.<\/p>\n<p>Potpuno vodootporan do 5 metara.<\/p>\n<p>X-Terra ELITE je detektor metala koji je jednostavan za kori\u0161tenje, ali rezultati pretra\u017eivanja su impresivni &#8211; korisnik ima puno mogu\u0107nosti za vlastite postavke, ali mo\u017ee, naravno, koristiti unaprijed postavljene na\u010dine pretra\u017eivanja za pretra\u017eivanje u parkovima, poljima i pla\u017eama &#8211; vodootporan prema IP68 standardu.<\/p>\n<p>Iznimna to\u010dnost: osjetljivost od 25 razina, rezolucija \u017eeljeza od 4 razine i volumen \u017eeljeza od 25 razina.<\/p>\n<p>\u0160irok raspon opcija signalizacije sa zvu\u010dnim signalom (1, 2, 5, 99 ili dP), ugra\u0111enim zvu\u010dnikom i mogu\u0107no\u0161\u0107u spajanja be\u017ei\u010dnih slu\u0161alica \u2013 (slu\u0161alice ML-85 uklju\u010dene su u konfiguraciju EXPEDITION PACK)<br \/>\n Detektor metala Minelab X Terra Elite opremljen je funkcijom osvjetljenja sonde, osvijetljenim zaslonom i vibriraju\u0107om ru\u010dkom za tra\u017eenje metala \u010dak i u uvjetima slabe vidljivosti i mraka.  <\/p>\n<p>X-TERRA ELITE dolazi s 12-in\u010dnom V12X DD elipti\u010dnom zavojnicom za pretra\u017eivanje i kompatibilan je sa svim X-TERRA PRO i EQUINOX zavojnicama za pretra\u017eivanje.<\/p>\n<p>X-TERRA ELITE kompatibilan je s be\u017ei\u010dnim slu\u0161alicama ML85 ili ML105, a be\u017ei\u010dni modul WM09 omogu\u0107uje vam kori\u0161tenje svih \u017ei\u010danih slu\u0161alica s be\u017ei\u010dnom vezom.<\/p>\n<p>TEHNI\u010cKI DETALJI:<\/p>\n<p>Na\u010dini pretra\u017eivanja: Park, Polje i Pla\u017ea<\/p>\n<p>Svi metali: Da<\/p>\n<p>Prilago\u0111eni profili pretra\u017eivanja: Da<\/p>\n<p>Radne frekvencije: Park i igrali\u0161te: Multi-IQ, 15 kHz | Pla\u017ea: Multi-IQ<\/p>\n<p>Poni\u0161tavanje ambijentalnih smetnji: Da, automatsko (19 kanala)<\/p>\n<p>Balans tla: Da, automatski, ru\u010dni, pra\u0107enje<\/p>\n<p>Osjetljivost: 1 do 25<\/p>\n<p>Glasno\u0107a: 0 do 25<\/p>\n<p>Podesivost pozadinske buke: 0 do 25<\/p>\n<p>Identifikacija cilja (TID): 119 ID-ova segmenata (\u017eeljezo: -19 do 0 | ne\u017eeljezo: 1 do 99)<\/p>\n<p>Tonovi: 1, 2, 5, svi tonovi (AT, 99), dubina (dP)<\/p>\n<p>Prekid tona: Da, \u017eeljezo (t1)<\/p>\n<p>Glasno\u0107a tona: Ton 1 podesiv od 0 do 25<\/p>\n<p>Stopa oporavka: 1 do 3<\/p>\n<p>Diskriminacija \u017eeljeza: -1 do 2<\/p>\n<p>Indikator dubine: 5 razina<\/p>\n<p>Segmenti diskriminacije: 30 segmenata (u koracima od 4 bloka ID-a cilja)<\/p>\n<p>Funkcija preciznog odre\u0111ivanja: Da<\/p>\n<p>Be\u017ei\u010dni BT signal: Da<\/p>\n<p>Duljina (otprilike): zatvoreno: 63 cm (25&#8243;) | ra\u0161ireno: 138 cm (54&#8243;)<\/p>\n<p>Te\u017eina (uklju\u010duju\u0107i baterije): 1,3 kg<\/p>\n<p>Zaslon: monokromatski LCD<\/p>\n<p>Pozadinsko svjetlo zaslona i tipkovnice (crveno): podesivo, isklju\u010deno, jako, jako<\/p>\n<p>Svjetiljka: uklju\u010dena, isklju\u010dena<\/p>\n<p>Na\u010din vibracije: Uklju\u010deno, Isklju\u010deno<\/p>\n<p>Standardna zavojnica za tra\u017eenje: V12X 12\u2033 DD elipti\u010dna, s ugra\u0111enim \u0161titnikom zavojnice<\/p>\n<p>Audio izlaz: ugra\u0111eni zvu\u010dnik, \u017ei\u010dane 3,5 mm (\u215b\u201d) slu\u0161alice, be\u017ei\u010dne slu\u0161alice<\/p>\n<p>Napajanje: unutarnja litij-ionska baterija 3,7 V\/5100 mAh<\/p>\n<p>Kabel za punjenje uklju\u010den<\/p>\n<p>Vodootpornost: do 5 m (16 stopa) IP68<\/p>\n<p>Raspon radne temperature: -10\u00b0C do +40\u00b0C (+14\u00b0F do +104\u00b0F)<\/p>\n<p>Raspon temperature skladi\u0161tenja: -20 \u00b0C do +70 \u00b0C (-4 \u00b0F do +158 \u00b0F)<\/p>\n<p>Multi-IQ\u00ae tehnologija<\/p>\n<p>Minelab X-Terra Elite detektor metala: Jamstvo do 3 godine<\/p>\n","protected":false},"excerpt":{"rendered":"<p>Minelab X-TERRA Elite<\/p>\n","protected":false},"featured_media":4663,"comment_status":"closed","ping_status":"closed","template":"","meta":[],"product_brand":[],"product_cat":[300],"product_tag":[],"class_list":{"0":"post-4695","1":"product","2":"type-product","3":"status-publish","4":"has-post-thumbnail","6":"product_cat-minelab","8":"first","9":"instock","10":"sale","11":"taxable","12":"shipping-taxable","13":"purchasable","14":"product-type-simple"},"_links":{"self":[{"href":"https:\/\/detektor-kovin.si\/hr\/wp-json\/wp\/v2\/product\/4695","targetHints":{"allow":["GET"]}}],"collection":[{"href":"https:\/\/detektor-kovin.si\/hr\/wp-json\/wp\/v2\/product"}],"about":[{"href":"https:\/\/detektor-kovin.si\/hr\/wp-json\/wp\/v2\/types\/product"}],"replies":[{"embeddable":true,"href":"https:\/\/detektor-kovin.si\/hr\/wp-json\/wp\/v2\/comments?post=4695"}],"wp:featuredmedia":[{"embeddable":true,"href":"https:\/\/detektor-kovin.si\/hr\/wp-json\/wp\/v2\/media\/4663"}],"wp:attachment":[{"href":"https:\/\/detektor-kovin.si\/hr\/wp-json\/wp\/v2\/media?parent=4695"}],"wp:term":[{"taxonomy":"product_brand","embeddable":true,"href":"https:\/\/detektor-kovin.si\/hr\/wp-json\/wp\/v2\/product_brand?post=4695"},{"taxonomy":"product_cat","embeddable":true,"href":"https:\/\/detektor-kovin.si\/hr\/wp-json\/wp\/v2\/product_cat?post=4695"},{"taxonomy":"product_tag","embeddable":true,"href":"https:\/\/detektor-kovin.si\/hr\/wp-json\/wp\/v2\/product_tag?post=4695"}],"curies":[{"name":"wp","href":"https:\/\/api.w.org\/{rel}","templated":true}]}}