{"id":4674,"date":"2025-10-21T17:37:22","date_gmt":"2025-10-21T16:37:22","guid":{"rendered":"https:\/\/detektor-kovin.si\/izdelek\/nokta-triple-score-pro-besplatni-nokta-accupoint\/"},"modified":"2026-02-11T13:46:41","modified_gmt":"2026-02-11T12:46:41","slug":"nokta-triple-score-pro-besplatni-nokta-accupoint","status":"publish","type":"product","link":"https:\/\/detektor-kovin.si\/hr\/izdelek\/nokta-triple-score-pro-besplatni-nokta-accupoint\/","title":{"rendered":"Nokta Triple Score PRO + besplatni Nokta Accupoint"},"content":{"rendered":"<p>POSTI\u017dE GODOVE KAO PROFESIONALAC!<\/p>\n<p>Otkrijte revoluciju &#8211; SCORE by NOKTA, pravu promjenu u lovu na blago s tehnologijom simultane vi\u0161efrekvencije (SMF). Ovaj robusni, vodootporni ure\u0111aj kombinira bitne funkcije u elegantnom, ergonomskom dizajnu.<\/p>\n<p>Iskusite snagu vi\u0161efrekventne preciznosti besprijekorno integrirane u dizajn prilago\u0111en korisniku. Sa SCORE-om, slo\u017eenost je nestala \u2013 nema kompliciranih izbornika ili postavki za upravljanje. Jednostavno ga uklju\u010dite i va\u0161a potraga za blagom po\u010dinje bez napora.<\/p>\n<p>BEZ NAPORA<\/p>\n<p>Recite zbogom unaprijed postavljenim postavkama i kompliciranim postavkama. SCORE pojednostavljuje va\u0161e iskustvo o\u010ditavanja uz odr\u017eavanje vrhunskih mogu\u0107nosti o\u010ditavanja.<\/p>\n<p>Besprijekorna avantura na pla\u017ei<\/p>\n<p>Oslobodite svoje vje\u0161tine otkrivanja bez napora. SCORE pojednostavljuje va\u0161 lov i osigurava da uhvatite svako blago pod mokrim pijeskom ili u slanoj vodi bez kompromisa u preciznosti.<\/p>\n<p>U\u0160TEDITE VI\u0160E, POSTIGNITE BOLJE REZULTATE!<\/p>\n<p>Rezultat je va\u0161a ulaznica za simultanu vi\u0161efrekventnu to\u010dnost za detekciju uklju\u010divanja i pokretanja.<\/p>\n<p>S cijenom koja prkosi industrijskim standardima, SCORE nudi iste simultane vi\u0161efrekvencijske mogu\u0107nosti kao i vrhunski ure\u0111aji po ni\u017eoj cijeni.<\/p>\n<p>Metode pretra\u017eivanja<br \/>\n SCORE ima 3 na\u010dina pretra\u017eivanja dizajnirana za razli\u010dite terene i ciljeve.<br \/>\n IP68<br \/>\n Potpuno potopiv do 5 metara (16 stopa) i za\u0161ti\u0107en od potpunog prodiranja pra\u0161ine.<br \/>\n Automatsko smanjenje \u0161uma<br \/>\n Rije\u0161ite se EMI-ja s lako\u0107om.<br \/>\n 60 ciljnih identifikacija i harmoni\u010dnih tonova<br \/>\n To\u010dna identifikacija cilja i harmonijski tonovi s podesivim frekvencijama omogu\u0107uju vam jednostavnu identifikaciju ciljeva.<br \/>\n Jednostavno za rukovanje<br \/>\n \u0160tedi dragocjeno vrijeme detekcije i \u010dini ure\u0111aj prikladnim i za po\u010detnike i za iskusne detektore.<br \/>\n Vibracije<br \/>\n SCORE \u0107e vibrirati kada detektira metu! Idealno za korisnike s o\u0161te\u0107enim sluhom, kao i za detekciju pod vodom ili pri slabom osvjetljenju.<br \/>\n Osvijetljeni LCD i LED svjetiljka<br \/>\n Osvijetljeni LCD zaslon i svjetiljka osiguravaju jasnu vidljivost \u010dak i u uvjetima slabog osvjetljenja.<br \/>\n Lagana (1,25 kg \/ 2,7 lbs)<br \/>\n Samo 1,25 kg (2,7 lbs) U\u017eivajte u osje\u0107aju rada dulje sate bez umora.<br \/>\n Dugo trajanje baterije<br \/>\n Jednostavno ga napunite USB punja\u010dem ili power bankom. Pru\u017ea do 12 sati kori\u0161tenja.<br \/>\n Online a\u017euriranja firmvera<br \/>\n Budite u tijeku s a\u017euriranjima firmvera (putem USB-a) i iskoristite svoj detektor na najbolji mogu\u0107i na\u010din.<br \/>\n Jamstvo 3 godine<\/p>\n<p>POSTI\u017dE GODOVE KAO PROFESIONALAC!<\/p>\n<p>Otkrijte revoluciju &#8211; SCORE by NOKTA, pravu promjenu u otkrivanju blaga uz simultanu vi\u0161efrekventnu (SMF) tehnologiju. Ovaj robusni, vodootporni ure\u0111aj kombinira bitne funkcije u elegantnom, ergonomskom dizajnu.<\/p>\n","protected":false},"excerpt":{"rendered":"<p>POSTI\u017dE GODOVE KAO PROFESIONALAC!<\/p>\n<p>Otkrijte revoluciju &#8211; SCORE by NOKTA, pravu promjenu u otkrivanju blaga uz simultanu vi\u0161efrekventnu (SMF) tehnologiju. Ovaj robusni, vodootporni ure\u0111aj kombinira bitne funkcije u elegantnom, ergonomskom dizajnu.<\/p>\n<p>Iskusite snagu vi\u0161efrekventne preciznosti besprijekorno integrirane u dizajn prilago\u0111en korisniku. Sa SCORE-om, slo\u017eenost je nestala \u2013 nema kompliciranih izbornika ili postavki za upravljanje. Jednostavno ga uklju\u010dite i va\u0161a potraga za blagom po\u010dinje bez napora.<\/p>\n<p>BEZ NAPORA<\/p>\n<p>Recite zbogom unaprijed postavljenim postavkama i kompliciranim postavkama. SCORE pojednostavljuje va\u0161e iskustvo o\u010ditavanja uz odr\u017eavanje vrhunskih mogu\u0107nosti o\u010ditavanja.<\/p>\n<p>Besprijekorna avantura na pla\u017ei<\/p>\n<p>Oslobodite svoje vje\u0161tine otkrivanja bez napora. SCORE pojednostavljuje va\u0161 lov i osigurava da uhvatite svako blago pod mokrim pijeskom ili u slanoj vodi bez kompromisa u preciznosti.<\/p>\n<p>U\u0160TEDITE VI\u0160E, POSTIGNITE BOLJE REZULTATE!<\/p>\n<p>Rezultat je va\u0161a ulaznica za simultanu vi\u0161efrekventnu to\u010dnost za detekciju uklju\u010divanja i pokretanja.<\/p>\n<p>S cijenom koja prkosi industrijskim standardima, SCORE nudi iste simultane vi\u0161efrekvencijske mogu\u0107nosti kao i vrhunski ure\u0111aji po ni\u017eoj cijeni.<\/p>\n<p>Metode pretra\u017eivanja<br \/>\n SCORE ima 3 na\u010dina pretra\u017eivanja dizajnirana za razli\u010dite terene i ciljeve.<br \/>\n IP68<br \/>\n Potpuno potopiv do 5 metara (16 stopa) i za\u0161ti\u0107en od potpunog prodiranja pra\u0161ine.<br \/>\n Automatsko smanjenje \u0161uma<br \/>\n Rije\u0161ite se EMI-ja s lako\u0107om.<br \/>\n 60 ciljnih identifikacija i harmoni\u010dnih tonova<br \/>\n To\u010dna identifikacija cilja i harmonijski tonovi s podesivim frekvencijama omogu\u0107uju vam jednostavnu identifikaciju ciljeva.<br \/>\n Jednostavno za rukovanje<br \/>\n \u0160tedi dragocjeno vrijeme detekcije i \u010dini ure\u0111aj prikladnim i za po\u010detnike i za iskusne detektore.<br \/>\n Vibracije<br \/>\n SCORE \u0107e vibrirati kada detektira metu! Idealno za korisnike s o\u0161te\u0107enim sluhom, kao i za detekciju pod vodom ili pri slabom osvjetljenju.<br \/>\n Osvijetljeni LCD i LED svjetiljka<br \/>\n Osvijetljeni LCD zaslon i svjetiljka osiguravaju jasnu vidljivost \u010dak i u uvjetima slabog osvjetljenja.<br \/>\n Lagana (1,25 kg \/ 2,7 lbs)<br \/>\n Samo 1,25 kg (2,7 lbs) U\u017eivajte u osje\u0107aju gledanja dulje sate bez umora.<br \/>\n Dugo trajanje baterije<br \/>\n Jednostavno ga napunite USB punja\u010dem ili power bankom. Pru\u017ea do 12 sati kori\u0161tenja.<br \/>\n Online a\u017euriranja firmvera<br \/>\n Budite u tijeku s a\u017euriranjima firmvera (putem USB-a) i iskoristite svoj detektor na najbolji mogu\u0107i na\u010din.<br \/>\n Jamstvo 3 godine<\/p>\n<p>POSTI\u017dE GODOVE KAO PROFESIONALAC!<\/p>\n<p>Otkrijte revoluciju &#8211; SCORE by NOKTA, pravu promjenu u lovu na blago s tehnologijom simultane vi\u0161efrekvencije (SMF). Ovaj robusni, vodootporni ure\u0111aj kombinira bitne funkcije u elegantnom, ergonomskom dizajnu.<\/p>\n","protected":false},"featured_media":4681,"comment_status":"closed","ping_status":"closed","template":"","meta":[],"product_brand":[],"product_cat":[315,302],"product_tag":[],"class_list":{"0":"post-4674","1":"product","2":"type-product","3":"status-publish","4":"has-post-thumbnail","6":"product_cat-akcija","7":"product_cat-nokta-makro","9":"first","10":"instock","11":"sale","12":"featured","13":"taxable","14":"shipping-taxable","15":"purchasable","16":"product-type-simple"},"_links":{"self":[{"href":"https:\/\/detektor-kovin.si\/hr\/wp-json\/wp\/v2\/product\/4674","targetHints":{"allow":["GET"]}}],"collection":[{"href":"https:\/\/detektor-kovin.si\/hr\/wp-json\/wp\/v2\/product"}],"about":[{"href":"https:\/\/detektor-kovin.si\/hr\/wp-json\/wp\/v2\/types\/product"}],"replies":[{"embeddable":true,"href":"https:\/\/detektor-kovin.si\/hr\/wp-json\/wp\/v2\/comments?post=4674"}],"wp:featuredmedia":[{"embeddable":true,"href":"https:\/\/detektor-kovin.si\/hr\/wp-json\/wp\/v2\/media\/4681"}],"wp:attachment":[{"href":"https:\/\/detektor-kovin.si\/hr\/wp-json\/wp\/v2\/media?parent=4674"}],"wp:term":[{"taxonomy":"product_brand","embeddable":true,"href":"https:\/\/detektor-kovin.si\/hr\/wp-json\/wp\/v2\/product_brand?post=4674"},{"taxonomy":"product_cat","embeddable":true,"href":"https:\/\/detektor-kovin.si\/hr\/wp-json\/wp\/v2\/product_cat?post=4674"},{"taxonomy":"product_tag","embeddable":true,"href":"https:\/\/detektor-kovin.si\/hr\/wp-json\/wp\/v2\/product_tag?post=4674"}],"curies":[{"name":"wp","href":"https:\/\/api.w.org\/{rel}","templated":true}]}}